{"id":747,"date":"2020-04-13T14:10:04","date_gmt":"2020-04-13T14:10:04","guid":{"rendered":"http:\/\/exportfuturepath.fi\/?page_id=747"},"modified":"2020-05-11T09:43:20","modified_gmt":"2020-05-11T09:43:20","slug":"for-entrepreneurs","status":"publish","type":"page","link":"https:\/\/exportfuturepath.fi\/index.php\/for-entrepreneurs\/","title":{"rendered":"For Entrepreneurs"},"content":{"rendered":"\n<div class=\"wp-block-columns is-layout-flex wp-container-core-columns-is-layout-9d6595d7 wp-block-columns-is-layout-flex\">\n<div class=\"wp-block-column is-layout-flow wp-block-column-is-layout-flow\">\n<h3 class=\"wp-block-heading\">Tutoring immigrant employees  (available in Finnish only)<\/h3>\n<\/div>\n\n\n\n<div class=\"wp-block-column is-layout-flow wp-block-column-is-layout-flow\">\n<h3 class=\"wp-block-heading\"><a href=\"http:\/\/exportfuturepath.fi\/index.php\/drafting-an-agreement-for-cooperation\/\">Drafting an agreement for cooperation<\/a><\/h3>\n<\/div>\n\n\n\n<div class=\"wp-block-column is-layout-flow wp-block-column-is-layout-flow\">\n<h3 class=\"wp-block-heading\"><a href=\"https:\/\/exportfuturepath.fi\/index.php\/as-an-entrepreneur-in-iraq\/\">As an entrepreneur in Iraq<\/a> <\/h3>\n<\/div>\n<\/div>\n\n\n\n<div class=\"wp-block-columns is-layout-flex wp-container-core-columns-is-layout-9d6595d7 wp-block-columns-is-layout-flex\">\n<div class=\"wp-block-column is-layout-flow wp-block-column-is-layout-flow\">\n<figure class=\"wp-block-image size-large\"><img loading=\"lazy\" decoding=\"async\" width=\"636\" height=\"380\" src=\"http:\/\/exportfuturepath.fi\/wp-content\/uploads\/2020\/03\/shutterstock_417326485.jpg\" alt=\"Maahanmuuttaja kirja k\u00e4dess\u00e4 ja nainen vieress\u00e4 hymyilev\u00e4t kameralle. \" class=\"wp-image-93\" srcset=\"https:\/\/exportfuturepath.fi\/wp-content\/uploads\/2020\/03\/shutterstock_417326485.jpg 636w, https:\/\/exportfuturepath.fi\/wp-content\/uploads\/2020\/03\/shutterstock_417326485-300x179.jpg 300w\" sizes=\"auto, (max-width: 636px) 100vw, 636px\" \/><\/figure>\n<\/div>\n\n\n\n<div class=\"wp-block-column is-layout-flow wp-block-column-is-layout-flow\">\n<figure class=\"wp-block-image size-large\"><img loading=\"lazy\" decoding=\"async\" width=\"640\" height=\"312\" src=\"http:\/\/exportfuturepath.fi\/wp-content\/uploads\/2020\/03\/forward-3351497_640.jpg\" alt=\"\" class=\"wp-image-85\" srcset=\"https:\/\/exportfuturepath.fi\/wp-content\/uploads\/2020\/03\/forward-3351497_640.jpg 640w, https:\/\/exportfuturepath.fi\/wp-content\/uploads\/2020\/03\/forward-3351497_640-300x146.jpg 300w\" sizes=\"auto, (max-width: 640px) 100vw, 640px\" \/><\/figure>\n<\/div>\n\n\n\n<div class=\"wp-block-column is-layout-flow wp-block-column-is-layout-flow\">\n<figure class=\"wp-block-image size-large\"><img loading=\"lazy\" decoding=\"async\" width=\"638\" height=\"392\" src=\"http:\/\/exportfuturepath.fi\/wp-content\/uploads\/2020\/03\/Iraq_entrepreneur_irakilainen_yritt\u00e4j\u00e4.jpg\" alt=\"Irakilainen yritt\u00e4j\u00e4 n\u00e4ytt\u00e4\u00e4 peukaloa yl\u00f6sp\u00e4in.\" class=\"wp-image-90\" srcset=\"https:\/\/exportfuturepath.fi\/wp-content\/uploads\/2020\/03\/Iraq_entrepreneur_irakilainen_yritt\u00e4j\u00e4.jpg 638w, https:\/\/exportfuturepath.fi\/wp-content\/uploads\/2020\/03\/Iraq_entrepreneur_irakilainen_yritt\u00e4j\u00e4-300x184.jpg 300w\" sizes=\"auto, (max-width: 638px) 100vw, 638px\" \/><\/figure>\n<\/div>\n<\/div>\n\n\n\n<p><\/p>\n\n\n<p><\/p>\n<p><\/p>\n<div data-colibri-component=\"section\" data-colibri-id=\"747-c6\" id=\"custom\" class=\"h-section h-section-global-spacing d-flex align-items-lg-center align-items-md-center align-items-center style-525 style-local-747-c6 position-relative\">\n    <!----><br>\n    <!----><p><\/p>\n<div class=\"h-section-grid-container h-section-boxed-container\">\n      <!----><p><\/p>\n<div data-colibri-id=\"747-c7\" class=\"h-row-container gutters-row-lg-2 gutters-row-md-2 gutters-row-0 gutters-row-v-lg-2 gutters-row-v-md-2 gutters-row-v-2 style-526 style-local-747-c7 position-relative\">\n        <!----><p><\/p>\n<div class=\"h-row justify-content-lg-center justify-content-md-center justify-content-center align-items-lg-stretch align-items-md-stretch align-items-stretch gutters-col-lg-2 gutters-col-md-2 gutters-col-0 gutters-col-v-lg-2 gutters-col-v-md-2 gutters-col-v-2\">\n          <!----><p><\/p>\n<div class=\"h-column h-column-container d-flex h-col-lg-auto h-col-md-auto h-col-auto style-527-outer style-local-747-c8-outer\">\n<div data-colibri-id=\"747-c8\" class=\"d-flex h-flex-basis h-column__inner h-px-lg-2 h-px-md-2 h-px-2 v-inner-lg-2 v-inner-md-2 v-inner-2 style-527 style-local-747-c8 position-relative\">\n              <!----><br>\n              <!----><p><\/p>\n<div class=\"w-100 h-y-container h-column__content h-column__v-align flex-basis-100 align-self-lg-start align-self-md-start align-self-start\">\n                <!----><p><\/p>\n<div data-colibri-id=\"747-c11\" class=\"d-block style-530 style-local-747-c11 position-relative h-element\">\n                  <!----><p><\/p>\n<div class=\"h-image__frame-container-outer\">\n<div class=\"h-image__frame-container\">\n                      <!----><br>\n                      <!----><br>\n                      <img loading=\"lazy\" decoding=\"async\" width=\"225\" height=\"225\" src=\"http:\/\/exportfuturepath.fi\/wp-content\/uploads\/2020\/03\/cropped-download-4.png\" class=\"wp-image-683 style-530-image style-local-747-c11-image\" alt=\"\" srcset=\"https:\/\/exportfuturepath.fi\/wp-content\/uploads\/2020\/03\/cropped-download-4.png 225w, https:\/\/exportfuturepath.fi\/wp-content\/uploads\/2020\/03\/cropped-download-4-150x150.png 150w\" sizes=\"auto, (max-width: 225px) 100vw, 225px\" \/><p><\/p>\n<div class=\"h-image__frame h-hide-lg h-hide-md h-hide-sm style-530-frameImage style-local-747-c11-frameImage\"><\/div>\n<p><\/p>\n<\/div>\n<\/div>\n<\/div>\n<\/div>\n<\/div>\n<\/div>\n<div class=\"h-column h-column-container d-flex h-col-lg-auto h-col-md-auto h-col-auto style-528-outer style-local-747-c9-outer\">\n<div data-colibri-id=\"747-c9\" class=\"d-flex h-flex-basis h-column__inner h-px-lg-2 h-px-md-2 h-px-2 v-inner-lg-2 v-inner-md-2 v-inner-2 style-528 style-local-747-c9 position-relative\">\n              <!----><br>\n              <!----><p><\/p>\n<div class=\"w-100 h-y-container h-column__content h-column__v-align flex-basis-100 align-self-lg-start align-self-md-start align-self-start\">\n                <!----><p><\/p>\n<div data-colibri-id=\"747-c12\" class=\"d-block style-531 style-local-747-c12 position-relative h-element\">\n                  <!----><p><\/p>\n<div class=\"h-image__frame-container-outer\">\n<div class=\"h-image__frame-container\">\n                      <!----><br>\n                      <!----><br>\n                      <img loading=\"lazy\" decoding=\"async\" width=\"905\" height=\"372\" src=\"http:\/\/exportfuturepath.fi\/wp-content\/uploads\/2020\/03\/cropped-AOKK-logo-FI-5.jpg\" class=\"wp-image-684 style-531-image style-local-747-c12-image\" alt=\"\" srcset=\"https:\/\/exportfuturepath.fi\/wp-content\/uploads\/2020\/03\/cropped-AOKK-logo-FI-5.jpg 905w, https:\/\/exportfuturepath.fi\/wp-content\/uploads\/2020\/03\/cropped-AOKK-logo-FI-5-300x123.jpg 300w, https:\/\/exportfuturepath.fi\/wp-content\/uploads\/2020\/03\/cropped-AOKK-logo-FI-5-768x316.jpg 768w\" sizes=\"auto, (max-width: 905px) 100vw, 905px\" \/><p><\/p>\n<div class=\"h-image__frame h-hide-lg h-hide-md h-hide-sm style-531-frameImage style-local-747-c12-frameImage\"><\/div>\n<p><\/p>\n<\/div>\n<\/div>\n<\/div>\n<\/div>\n<\/div>\n<\/div>\n<div class=\"h-column h-column-container d-flex h-col-lg-auto h-col-md-auto h-col-auto style-529-outer style-local-747-c10-outer\">\n<div data-colibri-id=\"747-c10\" class=\"d-flex h-flex-basis h-column__inner h-px-lg-2 h-px-md-2 h-px-2 v-inner-lg-2 v-inner-md-2 v-inner-2 style-529 style-local-747-c10 position-relative\">\n              <!----><br>\n              <!----><p><\/p>\n<div class=\"w-100 h-y-container h-column__content h-column__v-align flex-basis-100 align-self-lg-start align-self-md-start align-self-start\">\n                <!----><p><\/p>\n<div data-colibri-id=\"747-c13\" class=\"d-block style-532 style-local-747-c13 position-relative h-element\">\n                  <!----><p><\/p>\n<div class=\"h-image__frame-container-outer\">\n<div class=\"h-image__frame-container\">\n                      <!----><br>\n                      <!----><br>\n                      <img loading=\"lazy\" decoding=\"async\" width=\"1038\" height=\"571\" src=\"http:\/\/exportfuturepath.fi\/wp-content\/uploads\/2020\/03\/AMIF_fi_v_jpg-4.jpg\" class=\"wp-image-512 style-532-image style-local-747-c13-image\" alt=\"\" srcset=\"https:\/\/exportfuturepath.fi\/wp-content\/uploads\/2020\/03\/AMIF_fi_v_jpg-4.jpg 1038w, https:\/\/exportfuturepath.fi\/wp-content\/uploads\/2020\/03\/AMIF_fi_v_jpg-4-300x165.jpg 300w, https:\/\/exportfuturepath.fi\/wp-content\/uploads\/2020\/03\/AMIF_fi_v_jpg-4-1024x563.jpg 1024w, https:\/\/exportfuturepath.fi\/wp-content\/uploads\/2020\/03\/AMIF_fi_v_jpg-4-768x422.jpg 768w\" sizes=\"auto, (max-width: 1038px) 100vw, 1038px\" \/><p><\/p>\n<div class=\"h-image__frame h-hide-lg h-hide-md h-hide-sm style-532-frameImage style-local-747-c13-frameImage\"><\/div>\n<p><\/p>\n<\/div>\n<\/div>\n<\/div>\n<\/div>\n<\/div>\n<\/div>\n<\/div>\n<\/div>\n<\/div>\n<\/div>","protected":false},"excerpt":{"rendered":"<p>Tutoring immigrant employees (available in Finnish only) Drafting an agreement for cooperation As an entrepreneur in Iraq<\/p>\n","protected":false},"author":1024,"featured_media":0,"parent":0,"menu_order":0,"comment_status":"closed","ping_status":"closed","template":"","meta":{"footnotes":""},"class_list":["post-747","page","type-page","status-publish","hentry"],"_links":{"self":[{"href":"https:\/\/exportfuturepath.fi\/index.php\/wp-json\/wp\/v2\/pages\/747","targetHints":{"allow":["GET"]}}],"collection":[{"href":"https:\/\/exportfuturepath.fi\/index.php\/wp-json\/wp\/v2\/pages"}],"about":[{"href":"https:\/\/exportfuturepath.fi\/index.php\/wp-json\/wp\/v2\/types\/page"}],"author":[{"embeddable":true,"href":"https:\/\/exportfuturepath.fi\/index.php\/wp-json\/wp\/v2\/users\/1024"}],"replies":[{"embeddable":true,"href":"https:\/\/exportfuturepath.fi\/index.php\/wp-json\/wp\/v2\/comments?post=747"}],"version-history":[{"count":0,"href":"https:\/\/exportfuturepath.fi\/index.php\/wp-json\/wp\/v2\/pages\/747\/revisions"}],"wp:attachment":[{"href":"https:\/\/exportfuturepath.fi\/index.php\/wp-json\/wp\/v2\/media?parent=747"}],"curies":[{"name":"wp","href":"https:\/\/api.w.org\/{rel}","templated":true}]}}