{"id":51,"date":"2020-03-03T08:57:54","date_gmt":"2020-03-03T08:57:54","guid":{"rendered":"http:\/\/exportfuturepath.fi\/?page_id=51"},"modified":"2020-04-15T12:33:44","modified_gmt":"2020-04-15T12:33:44","slug":"maahanmuuttajille","status":"publish","type":"page","link":"https:\/\/exportfuturepath.fi\/index.php\/maahanmuuttajille\/","title":{"rendered":"Maahanmuuttajille"},"content":{"rendered":"<div data-colibri-id=\"51-c1\" class=\"style-321 style-local-51-c1 position-relative\">\r\n  <!---->\r\n  <div data-colibri-component=\"section\" data-colibri-id=\"51-c2\" id=\"initial-content\" class=\"h-section h-section-global-spacing d-flex align-items-lg-center align-items-md-center align-items-center style-322 style-local-51-c2 position-relative\">\r\n    <!---->\r\n    <!---->\r\n    <div class=\"h-section-grid-container h-section-boxed-container\">\r\n      <!---->\r\n      <div data-colibri-id=\"51-c3\" class=\"h-row-container gutters-row-lg-2 gutters-row-md-2 gutters-row-0 gutters-row-v-lg-2 gutters-row-v-md-2 gutters-row-v-2 style-326 style-local-51-c3 position-relative\">\r\n        <!---->\r\n        <div class=\"h-row justify-content-lg-center justify-content-md-center justify-content-center align-items-lg-stretch align-items-md-stretch align-items-stretch gutters-col-lg-2 gutters-col-md-2 gutters-col-0 gutters-col-v-lg-2 gutters-col-v-md-2 gutters-col-v-2\">\r\n          <!---->\r\n          <div class=\"h-column h-column-container d-flex h-col-lg-auto h-col-md-auto h-col-auto style-327-outer style-local-51-c4-outer\">\r\n            <div data-colibri-id=\"51-c4\" class=\"d-flex h-flex-basis h-column__inner h-px-lg-2 h-px-md-2 h-px-2 v-inner-lg-2 v-inner-md-2 v-inner-2 style-327 style-local-51-c4 position-relative\">\r\n              <!---->\r\n              <!---->\r\n              <div class=\"w-100 h-y-container h-column__content h-column__v-align flex-basis-100 align-self-lg-start align-self-md-start align-self-start\">\r\n                <!---->\r\n                <div data-colibri-id=\"51-c5\" class=\"page-title style-328 style-local-51-c5 position-relative h-element\">\r\n                  <!---->\r\n                  <div class=\"h-global-transition-all\"><span><h1 style='margin-bottom:0'>Maahanmuuttajille<\/h1><\/span><\/div>\r\n                <\/div>\r\n              <\/div>\r\n            <\/div>\r\n          <\/div>\r\n        <\/div>\r\n      <\/div>\r\n      <div data-colibri-id=\"51-c6\" class=\"h-row-container gutters-row-lg-2 gutters-row-md-2 gutters-row-0 gutters-row-v-lg-2 gutters-row-v-md-2 gutters-row-v-2 style-323 style-local-51-c6 position-relative\">\r\n        <!---->\r\n        <div class=\"h-row justify-content-lg-center justify-content-md-center justify-content-center align-items-lg-stretch align-items-md-stretch align-items-stretch gutters-col-lg-2 gutters-col-md-2 gutters-col-0 gutters-col-v-lg-2 gutters-col-v-md-2 gutters-col-v-2\">\r\n          <!---->\r\n          <div class=\"h-column h-column-container d-flex h-col-lg-auto h-col-md-auto h-col-auto style-324-outer style-local-51-c7-outer\">\r\n            <div data-colibri-id=\"51-c7\" class=\"d-flex h-flex-basis h-column__inner h-px-lg-2 h-px-md-2 h-px-2 v-inner-lg-2 v-inner-md-2 v-inner-2 style-324 style-local-51-c7 position-relative\">\r\n              <!---->\r\n              <!---->\r\n              <div class=\"w-100 h-y-container h-column__content h-column__v-align flex-basis-100 align-self-lg-start align-self-md-start align-self-start\">\r\n                <!---->\r\n                <div data-colibri-id=\"51-c8\" class=\"style-325 style-local-51-c8 position-relative h-element\">\r\n                  <!---->\r\n                  <div>\r\n                    \r\n                    <div class=\"wp-block-columns is-layout-flex wp-container-core-columns-is-layout-9d6595d7 wp-block-columns-is-layout-flex\">\r\n                      \r\n                      <div class=\"wp-block-column is-layout-flow wp-block-column-is-layout-flow\">\r\n                        \r\n                        <h3 class=\"wp-block-heading\">\r\n                          <a href=\"http:\/\/exportfuturepath.fi\/index.php\/maahanmuuttajille\/yrityksen-perustaminen\/\">Yrityksen perustaminen<\/a>\r\n                        <\/h3>\r\n                        \r\n\r\n                        \r\n                        <figure class=\"wp-block-image size-large\">\r\n                          <img loading=\"lazy\" decoding=\"async\" width=\"640\" height=\"426\" src=\"http:\/\/exportfuturepath.fi\/wp-content\/uploads\/2020\/03\/contract-408216_640.jpg\" alt=\"\" class=\"wp-image-98\" srcset=\"https:\/\/exportfuturepath.fi\/wp-content\/uploads\/2020\/03\/contract-408216_640.jpg 640w, https:\/\/exportfuturepath.fi\/wp-content\/uploads\/2020\/03\/contract-408216_640-300x200.jpg 300w\" sizes=\"auto, (max-width: 640px) 100vw, 640px\" \/>\r\n                        <\/figure>\r\n                        \r\n                      <\/div>\r\n                      \r\n\r\n                      \r\n                      <div class=\"wp-block-column is-layout-flow wp-block-column-is-layout-flow\">\r\n                        \r\n                        <h3 class=\"wp-block-heading\">\r\n                          <a href=\"http:\/\/exportfuturepath.fi\/index.php\/yhteistyosopimuksen-tekeminen\/\">Yhteisty\u00f6sopimuksen laatiminen<\/a>\r\n                        <\/h3>\r\n                        \r\n\r\n                        \r\n                        <figure class=\"wp-block-image size-large\">\r\n                          <img loading=\"lazy\" decoding=\"async\" width=\"640\" height=\"312\" src=\"http:\/\/exportfuturepath.fi\/wp-content\/uploads\/2020\/03\/forward-3351497_640.jpg\" alt=\"\" class=\"wp-image-85\" srcset=\"https:\/\/exportfuturepath.fi\/wp-content\/uploads\/2020\/03\/forward-3351497_640.jpg 640w, https:\/\/exportfuturepath.fi\/wp-content\/uploads\/2020\/03\/forward-3351497_640-300x146.jpg 300w\" sizes=\"auto, (max-width: 640px) 100vw, 640px\" \/>\r\n                        <\/figure>\r\n                        \r\n                      <\/div>\r\n                      \r\n\r\n                      \r\n                      <div class=\"wp-block-column is-layout-flow wp-block-column-is-layout-flow\">\r\n                        \r\n                        <h3 class=\"wp-block-heading\">\r\n                          <a href=\"http:\/\/exportfuturepath.fi\/index.php\/yrittajana-irakissa\/\">Yritt\u00e4j\u00e4n\u00e4 Irakissa<\/a>\r\n                        <\/h3>\r\n                        \r\n\r\n                        \r\n                        <figure class=\"wp-block-image size-large\">\r\n                          <img loading=\"lazy\" decoding=\"async\" width=\"638\" height=\"392\" src=\"http:\/\/exportfuturepath.fi\/wp-content\/uploads\/2020\/03\/Iraq_entrepreneur_irakilainen_yritt\u00e4j\u00e4.jpg\" alt=\"\" class=\"wp-image-90\" srcset=\"https:\/\/exportfuturepath.fi\/wp-content\/uploads\/2020\/03\/Iraq_entrepreneur_irakilainen_yritt\u00e4j\u00e4.jpg 638w, https:\/\/exportfuturepath.fi\/wp-content\/uploads\/2020\/03\/Iraq_entrepreneur_irakilainen_yritt\u00e4j\u00e4-300x184.jpg 300w\" sizes=\"auto, (max-width: 638px) 100vw, 638px\" \/>\r\n                        <\/figure>\r\n                        \r\n                      <\/div>\r\n                      \r\n                    <\/div>\r\n                    \r\n\r\n                    \r\n                    <p><\/p>\r\n                    \r\n                  <\/div>\r\n                <\/div>\r\n              <\/div>\r\n            <\/div>\r\n          <\/div>\r\n        <\/div>\r\n      <\/div>\r\n    <\/div>\r\n  <\/div>\r\n  <div data-colibri-component=\"section\" data-colibri-id=\"51-c9\" id=\"custom\" class=\"h-section h-section-global-spacing d-flex align-items-lg-center align-items-md-center align-items-center style-337 style-local-51-c9 position-relative\">\r\n    <!---->\r\n    <!---->\r\n    <div class=\"h-section-grid-container h-section-boxed-container\">\r\n      <!---->\r\n      <div data-colibri-id=\"51-c10\" class=\"h-row-container gutters-row-lg-2 gutters-row-md-2 gutters-row-0 gutters-row-v-lg-2 gutters-row-v-md-2 gutters-row-v-2 style-338 style-local-51-c10 position-relative\">\r\n        <!---->\r\n        <div class=\"h-row justify-content-lg-center justify-content-md-center justify-content-center align-items-lg-stretch align-items-md-stretch align-items-stretch gutters-col-lg-2 gutters-col-md-2 gutters-col-0 gutters-col-v-lg-2 gutters-col-v-md-2 gutters-col-v-2\">\r\n          <!---->\r\n          <div class=\"h-column h-column-container d-flex h-col-lg-auto h-col-md-auto h-col-auto style-339-outer style-local-51-c11-outer\">\r\n            <div data-colibri-id=\"51-c11\" class=\"d-flex h-flex-basis h-column__inner h-px-lg-2 h-px-md-2 h-px-2 v-inner-lg-2 v-inner-md-2 v-inner-2 style-339 style-local-51-c11 position-relative\">\r\n              <!---->\r\n              <!---->\r\n              <div class=\"w-100 h-y-container h-column__content h-column__v-align flex-basis-100 align-self-lg-start align-self-md-start align-self-start\">\r\n                <!---->\r\n                <div data-colibri-id=\"51-c12\" class=\"d-block style-342 style-local-51-c12 position-relative h-element\">\r\n                  <!---->\r\n                  <div class=\"h-image__frame-container-outer\">\r\n                    <div class=\"h-image__frame-container\">\r\n                      <!---->\r\n                      <!---->\r\n                      <img loading=\"lazy\" decoding=\"async\" width=\"225\" height=\"225\" src=\"http:\/\/exportfuturepath.fi\/wp-content\/uploads\/2020\/03\/cropped-download-4.png\" class=\"wp-image-683 style-342-image style-local-51-c12-image\" alt=\"\" srcset=\"https:\/\/exportfuturepath.fi\/wp-content\/uploads\/2020\/03\/cropped-download-4.png 225w, https:\/\/exportfuturepath.fi\/wp-content\/uploads\/2020\/03\/cropped-download-4-150x150.png 150w\" sizes=\"auto, (max-width: 225px) 100vw, 225px\" \/>\r\n                      <div class=\"h-image__frame h-hide-lg h-hide-md h-hide-sm style-342-frameImage style-local-51-c12-frameImage\"><\/div>\r\n                    <\/div>\r\n                  <\/div>\r\n                <\/div>\r\n              <\/div>\r\n            <\/div>\r\n          <\/div>\r\n          <div class=\"h-column h-column-container d-flex h-col-lg-auto h-col-md-auto h-col-auto style-340-outer style-local-51-c13-outer\">\r\n            <div data-colibri-id=\"51-c13\" class=\"d-flex h-flex-basis h-column__inner h-px-lg-2 h-px-md-2 h-px-2 v-inner-lg-2 v-inner-md-2 v-inner-2 style-340 style-local-51-c13 position-relative\">\r\n              <!---->\r\n              <!---->\r\n              <div class=\"w-100 h-y-container h-column__content h-column__v-align flex-basis-100 align-self-lg-start align-self-md-start align-self-start\">\r\n                <!---->\r\n                <div data-colibri-id=\"51-c14\" class=\"d-block style-343 style-local-51-c14 position-relative h-element\">\r\n                  <!---->\r\n                  <div class=\"h-image__frame-container-outer\">\r\n                    <div class=\"h-image__frame-container\">\r\n                      <!---->\r\n                      <!---->\r\n                      <img loading=\"lazy\" decoding=\"async\" width=\"905\" height=\"372\" src=\"http:\/\/exportfuturepath.fi\/wp-content\/uploads\/2020\/03\/cropped-AOKK-logo-FI-5.jpg\" class=\"wp-image-684 style-343-image style-local-51-c14-image\" alt=\"\" srcset=\"https:\/\/exportfuturepath.fi\/wp-content\/uploads\/2020\/03\/cropped-AOKK-logo-FI-5.jpg 905w, https:\/\/exportfuturepath.fi\/wp-content\/uploads\/2020\/03\/cropped-AOKK-logo-FI-5-300x123.jpg 300w, https:\/\/exportfuturepath.fi\/wp-content\/uploads\/2020\/03\/cropped-AOKK-logo-FI-5-768x316.jpg 768w\" sizes=\"auto, (max-width: 905px) 100vw, 905px\" \/>\r\n                      <div class=\"h-image__frame h-hide-lg h-hide-md h-hide-sm style-343-frameImage style-local-51-c14-frameImage\"><\/div>\r\n                    <\/div>\r\n                  <\/div>\r\n                <\/div>\r\n              <\/div>\r\n            <\/div>\r\n          <\/div>\r\n          <div class=\"h-column h-column-container d-flex h-col-lg-auto h-col-md-auto h-col-auto style-341-outer style-local-51-c15-outer\">\r\n            <div data-colibri-id=\"51-c15\" class=\"d-flex h-flex-basis h-column__inner h-px-lg-2 h-px-md-2 h-px-2 v-inner-lg-2 v-inner-md-2 v-inner-2 style-341 style-local-51-c15 position-relative\">\r\n              <!---->\r\n              <!---->\r\n              <div class=\"w-100 h-y-container h-column__content h-column__v-align flex-basis-100 align-self-lg-start align-self-md-start align-self-start\">\r\n                <!---->\r\n                <div data-colibri-id=\"51-c16\" class=\"d-block style-344 style-local-51-c16 position-relative h-element\">\r\n                  <!---->\r\n                  <div class=\"h-image__frame-container-outer\">\r\n                    <div class=\"h-image__frame-container\">\r\n                      <!---->\r\n                      <!---->\r\n                      <img loading=\"lazy\" decoding=\"async\" width=\"1038\" height=\"571\" src=\"http:\/\/exportfuturepath.fi\/wp-content\/uploads\/2020\/03\/AMIF_fi_v_jpg-4.jpg\" class=\"wp-image-512 style-344-image style-local-51-c16-image\" alt=\"\" srcset=\"https:\/\/exportfuturepath.fi\/wp-content\/uploads\/2020\/03\/AMIF_fi_v_jpg-4.jpg 1038w, https:\/\/exportfuturepath.fi\/wp-content\/uploads\/2020\/03\/AMIF_fi_v_jpg-4-300x165.jpg 300w, https:\/\/exportfuturepath.fi\/wp-content\/uploads\/2020\/03\/AMIF_fi_v_jpg-4-1024x563.jpg 1024w, https:\/\/exportfuturepath.fi\/wp-content\/uploads\/2020\/03\/AMIF_fi_v_jpg-4-768x422.jpg 768w\" sizes=\"auto, (max-width: 1038px) 100vw, 1038px\" \/>\r\n                      <div class=\"h-image__frame h-hide-lg h-hide-md h-hide-sm style-344-frameImage style-local-51-c16-frameImage\"><\/div>\r\n                    <\/div>\r\n                  <\/div>\r\n                <\/div>\r\n              <\/div>\r\n            <\/div>\r\n          <\/div>\r\n        <\/div>\r\n      <\/div>\r\n    <\/div>\r\n  <\/div>\r\n<\/div>","protected":false},"excerpt":{"rendered":"<p>Yrityksen perustaminen Yhteisty\u00f6sopimuksen laatiminen Yritt\u00e4j\u00e4n\u00e4 Irakissa<\/p>\n","protected":false},"author":1024,"featured_media":0,"parent":0,"menu_order":0,"comment_status":"closed","ping_status":"closed","template":"page-templates\/full-width-page.php","meta":{"footnotes":""},"class_list":["post-51","page","type-page","status-publish","hentry"],"_links":{"self":[{"href":"https:\/\/exportfuturepath.fi\/index.php\/wp-json\/wp\/v2\/pages\/51","targetHints":{"allow":["GET"]}}],"collection":[{"href":"https:\/\/exportfuturepath.fi\/index.php\/wp-json\/wp\/v2\/pages"}],"about":[{"href":"https:\/\/exportfuturepath.fi\/index.php\/wp-json\/wp\/v2\/types\/page"}],"author":[{"embeddable":true,"href":"https:\/\/exportfuturepath.fi\/index.php\/wp-json\/wp\/v2\/users\/1024"}],"replies":[{"embeddable":true,"href":"https:\/\/exportfuturepath.fi\/index.php\/wp-json\/wp\/v2\/comments?post=51"}],"version-history":[{"count":0,"href":"https:\/\/exportfuturepath.fi\/index.php\/wp-json\/wp\/v2\/pages\/51\/revisions"}],"wp:attachment":[{"href":"https:\/\/exportfuturepath.fi\/index.php\/wp-json\/wp\/v2\/media?parent=51"}],"curies":[{"name":"wp","href":"https:\/\/api.w.org\/{rel}","templated":true}]}}