{"id":3,"date":"2020-01-29T11:48:57","date_gmt":"2020-01-29T11:48:57","guid":{"rendered":"http:\/\/exportfuturepath.fi\/?page_id=3"},"modified":"2020-04-13T14:08:54","modified_gmt":"2020-04-13T14:08:54","slug":"saavutettavuus","status":"publish","type":"page","link":"https:\/\/exportfuturepath.fi\/index.php\/saavutettavuus\/","title":{"rendered":"Saavutettavuusseloste"},"content":{"rendered":"<div data-colibri-id=\"3-c1\" class=\"style-388 style-local-3-c1 position-relative\">\n  <!---->\n  <div data-colibri-component=\"section\" data-colibri-id=\"3-c2\" id=\"initial-content\" class=\"h-section h-section-global-spacing d-flex align-items-lg-center align-items-md-center align-items-center style-389 style-local-3-c2 position-relative\">\n    <!---->\n    <!---->\n    <div class=\"h-section-grid-container h-section-boxed-container\">\n      <!---->\n      <div data-colibri-id=\"3-c3\" class=\"h-row-container gutters-row-lg-2 gutters-row-md-2 gutters-row-0 gutters-row-v-lg-2 gutters-row-v-md-2 gutters-row-v-2 style-393 style-local-3-c3 position-relative\">\n        <!---->\n        <div class=\"h-row justify-content-lg-center justify-content-md-center justify-content-center align-items-lg-stretch align-items-md-stretch align-items-stretch gutters-col-lg-2 gutters-col-md-2 gutters-col-0 gutters-col-v-lg-2 gutters-col-v-md-2 gutters-col-v-2\">\n          <!---->\n          <div class=\"h-column h-column-container d-flex h-col-lg-auto h-col-md-auto h-col-auto style-394-outer style-local-3-c4-outer\">\n            <div data-colibri-id=\"3-c4\" class=\"d-flex h-flex-basis h-column__inner h-px-lg-2 h-px-md-2 h-px-2 v-inner-lg-2 v-inner-md-2 v-inner-2 style-394 style-local-3-c4 position-relative\">\n              <!---->\n              <!---->\n              <div class=\"w-100 h-y-container h-column__content h-column__v-align flex-basis-100 align-self-lg-start align-self-md-start align-self-start\">\n                <!---->\n                <div data-colibri-id=\"3-c5\" class=\"page-title style-395 style-local-3-c5 position-relative h-element\">\n                  <!---->\n                  <div class=\"h-global-transition-all\"><span><h1 style='margin-bottom:0'>Saavutettavuusseloste<\/h1><\/span><\/div>\n                <\/div>\n              <\/div>\n            <\/div>\n          <\/div>\n        <\/div>\n      <\/div>\n      <div data-colibri-id=\"3-c6\" class=\"h-row-container gutters-row-lg-2 gutters-row-md-2 gutters-row-0 gutters-row-v-lg-2 gutters-row-v-md-2 gutters-row-v-2 style-390 style-local-3-c6 position-relative\">\n        <!---->\n        <div class=\"h-row justify-content-lg-center justify-content-md-center justify-content-center align-items-lg-stretch align-items-md-stretch align-items-stretch gutters-col-lg-2 gutters-col-md-2 gutters-col-0 gutters-col-v-lg-2 gutters-col-v-md-2 gutters-col-v-2\">\n          <!---->\n          <div class=\"h-column h-column-container d-flex h-col-lg-auto h-col-md-auto h-col-auto style-391-outer style-local-3-c7-outer\">\n            <div data-colibri-id=\"3-c7\" class=\"d-flex h-flex-basis h-column__inner h-px-lg-2 h-px-md-2 h-px-2 v-inner-lg-2 v-inner-md-2 v-inner-2 style-391 style-local-3-c7 position-relative\">\n              <!---->\n              <!---->\n              <div class=\"w-100 h-y-container h-column__content h-column__v-align flex-basis-100 align-self-lg-start align-self-md-start align-self-start\">\n                <!---->\n                <div data-colibri-id=\"3-c8\" class=\"style-392 style-local-3-c8 position-relative h-element\">\n                  <!---->\n                  <div>\n                    \n                    <p class=\"has-text-color has-colibri-color-6-color\">Osoitteemme on: http:\/\/exportfuturepath.fi.<\/p>\n                    \n\n                    \n                    <p class=\"has-text-color has-colibri-color-6-color\">T\u00e4ss\u00e4 dokumentissa kuvaamme, miten pyrimme Euroopan parlamentin ja neuvoston direktiivin (EU) 2016\/2102 t\u00e4yt\u00e4nt\u00f6\u00f6npanemiseksi annetun kansallisen lains\u00e4\u00e4d\u00e4nn\u00f6n mukaisesti takaamaan verkkopalvelumme saavutettavuuden. Sitoudumme noudattamaan\n                      WCAG-kriteerist\u00f6\u00e4 v\u00e4hint\u00e4\u00e4n AA-standardien mukaisesti tuottaessamme sis\u00e4lt\u00f6\u00e4 teksti-, video-, kuva- ja \u00e4\u00e4nisis\u00e4lt\u00f6j\u00e4.<\/p>\n                    \n\n                    \n                    <p class=\"has-text-color has-colibri-color-6-color\">Sivuston kuvissa on vaihtoehtoiset tekstit, mik\u00e4li ne v\u00e4litt\u00e4v\u00e4t informaatiota. Kuvituskuvat on merkitty koristeellisiksi. Tekstisis\u00e4lt\u00f6 on jaoteltu siten, ett\u00e4 otsikoiden perusteella on helppo hahmottaa kokonaisuus. Linkit aukeavat\n                      uuteen v\u00e4lilehteen ja ne on otsikoitu aineistoa kuvaavasti. Jos havaitset sivuillamme saavutettavuusongelmia, raportoithan ne suoraan ottamalla yhteytt\u00e4 projektip\u00e4\u00e4llikk\u00f6\u00f6n s\u00e4hk\u00f6postilla. <\/p>\n                    \n\n                    \n                    <p class=\"has-text-color has-colibri-color-6-color\">Pauli Turunen\n                      <br>Projektip\u00e4\u00e4llikk\u00f6\n                      <br>pauli.turunen@laurea.fi<\/p>\n                    \n                  <\/div>\n                <\/div>\n              <\/div>\n            <\/div>\n          <\/div>\n        <\/div>\n      <\/div>\n    <\/div>\n  <\/div>\n<\/div>","protected":false},"excerpt":{"rendered":"<p>Osoitteemme on: http:\/\/exportfuturepath.fi. T\u00e4ss\u00e4 dokumentissa kuvaamme, miten pyrimme Euroopan parlamentin ja neuvoston direktiivin (EU) 2016\/2102 t\u00e4yt\u00e4nt\u00f6\u00f6npanemiseksi annetun kansallisen lains\u00e4\u00e4d\u00e4nn\u00f6n mukaisesti takaamaan verkkopalvelumme saavutettavuuden. Sitoudumme noudattamaan WCAG-kriteerist\u00f6\u00e4 v\u00e4hint\u00e4\u00e4n AA-standardien mukaisesti tuottaessamme sis\u00e4lt\u00f6\u00e4 teksti-, video-, kuva- ja \u00e4\u00e4nisis\u00e4lt\u00f6j\u00e4. Sivuston kuvissa on vaihtoehtoiset tekstit, mik\u00e4li ne v\u00e4litt\u00e4v\u00e4t informaatiota. Kuvituskuvat on merkitty koristeellisiksi. Tekstisis\u00e4lt\u00f6 on jaoteltu siten, ett\u00e4 otsikoiden [&hellip;]<\/p>\n","protected":false},"author":1024,"featured_media":0,"parent":0,"menu_order":0,"comment_status":"closed","ping_status":"closed","template":"page-templates\/full-width-page.php","meta":{"footnotes":""},"class_list":["post-3","page","type-page","status-publish","hentry"],"_links":{"self":[{"href":"https:\/\/exportfuturepath.fi\/index.php\/wp-json\/wp\/v2\/pages\/3","targetHints":{"allow":["GET"]}}],"collection":[{"href":"https:\/\/exportfuturepath.fi\/index.php\/wp-json\/wp\/v2\/pages"}],"about":[{"href":"https:\/\/exportfuturepath.fi\/index.php\/wp-json\/wp\/v2\/types\/page"}],"author":[{"embeddable":true,"href":"https:\/\/exportfuturepath.fi\/index.php\/wp-json\/wp\/v2\/users\/1024"}],"replies":[{"embeddable":true,"href":"https:\/\/exportfuturepath.fi\/index.php\/wp-json\/wp\/v2\/comments?post=3"}],"version-history":[{"count":0,"href":"https:\/\/exportfuturepath.fi\/index.php\/wp-json\/wp\/v2\/pages\/3\/revisions"}],"wp:attachment":[{"href":"https:\/\/exportfuturepath.fi\/index.php\/wp-json\/wp\/v2\/media?parent=3"}],"curies":[{"name":"wp","href":"https:\/\/api.w.org\/{rel}","templated":true}]}}